{"id":1088,"date":"2025-09-02T21:39:03","date_gmt":"2025-09-02T21:39:03","guid":{"rendered":"http:\/\/localhost\/wordpress\/?page_id=1088"},"modified":"2025-09-08T12:32:24","modified_gmt":"2025-09-08T12:32:24","slug":"legislatie","status":"publish","type":"page","link":"https:\/\/primariagramesti.ro\/web2\/?page_id=1088","title":{"rendered":"Legisla\u021bie"},"content":{"rendered":"<p><a href=\"http:\/\/legislatie.just.ro\/Public\/DetaliiDocument\/47355\">\u25cf Constitu\u021bia Rom\u00e2niei<\/a><\/p>\n<p><a href=\"http:\/\/legislatie.just.ro\/Public\/DetaliiDocument\/215925\">\u25cf Ordonan\u021ba de urgen\u021b\u0103 nr.57\/2019 privind Codul administrativ, cu modific\u0103rile \u0219i complet\u0103rile ulterioare:<\/a><\/p>\n<p><a href=\"http:\/\/legislatie.just.ro\/Public\/DetaliiDocument\/51410\">\u25cf Ordonan\u021ba de urgen\u021b\u0103 nr.21\/2004 privind Sistemul Na\u0163ional de Management al Situa\u0163iilor de Urgen\u0163\u0103, cu modific\u0103rile \u015fi complet\u0103rile ulterioare<\/a><\/p>\n<p><a href=\"http:\/\/legislatie.just.ro\/Public\/DetaliiDocument\/95836\">\u25cf Legea nr.481\/2004 privind protec\u021bia civil\u0103, republicat\u0103, cu modific\u0103rile ulterioare:<\/a><\/p>\n<p><a href=\"http:\/\/legislatie.just.ro\/Public\/DetaliiDocument\/153210\">\u25cf Legea nr.52\/2003 privind transparen\u021ba decizional\u0103 \u00een administra\u021bia public\u0103, republicat\u0103:<\/a><\/p>\n<p><a href=\"http:\/\/legislatie.just.ro\/Public\/DetaliiDocument\/118116\">\u25cf Legea nr.24\/2000 privind normele de tehnic\u0103 legislativ\u0103 pentru publicarea actelor normative, republicat\u0103 (r2), cu modific\u0103rile \u0219i complet\u0103rile ulterioare<\/a><\/p>\n<p><a href=\"http:\/\/legislatie.just.ro\/Public\/DetaliiDocumentAfis\/205332\">\u25cf Codul civil al Rom\u00e2niei aprobat prin Legea nr.287\/2009, republicat\u0103, cu modific\u0103rile ulterioare:<\/a><\/p>\n<p><a href=\"http:\/\/legislatie.just.ro\/Public\/DetaliiDocument\/29453\">\u25cf Legea nr.350\/2001 privind amenajarea teritoriului si urbanismul, cu modific\u0103rile \u0219i complet\u0103rile ulterioare:<\/a><\/p>\n<p><a href=\"http:\/\/legislatie.just.ro\/Public\/DetaliiDocument\/55794\">\u25cf Legea nr.50\/1991privind autorizarea execut\u0103rii lucr\u0103rilor de construc\u021bii, republicat\u0103, cu modific\u0103rile \u0219i complet\u0103rile ulterioare:<\/a><\/p>\n<p><a href=\"http:\/\/legislatie.just.ro\/Public\/DetaliiDocument\/5729\">\u25cf Legea nr. 10\/1995 privind calitatea \u00een construc\u021bii, republicat\u0103 (r2), cu modific\u0103rile \u0219i complet\u0103rile ulterioare:<\/a><\/p>\n<p><a href=\"http:\/\/legislatie.just.ro\/Public\/DetaliiDocument\/29731\">\u25cf Legea nr.416\/2001 privind venitul minim garantat, cu modific\u0103rile \u0219i complet\u0103rile ulterioare:<\/a><\/p>\n<p><a href=\"http:\/\/legislatie.just.ro\/Public\/DetaliiDocument\/88315\">\u25cf Legea nr. 448\/2006 privind protectia si promovarea drepturilor persoanelor cu handicap, republicat\u0103, cu modific\u0103rile \u0219i complet\u0103rile ulterioare:<\/a><\/p>\n<p><a href=\"http:\/\/legislatie.just.ro\/Public\/DetaliiDocument\/133913\">\u25cf Legea asisten\u021bei sociale nr. 292\/2011, cu modific\u0103rile \u0219i complet\u0103rile ulterioare:<\/a><\/p>\n<p><a href=\"http:\/\/legislatie.just.ro\/Public\/DetaliiDocument\/73527\">\u25cf Legea nr. 273\/2006 privind finan\u021bele publice locale, cu modific\u0103rile \u0219i complet\u0103rile ulterioare:<\/a><\/p>\n<p><a href=\"http:\/\/legislatie.just.ro\/Public\/DetaliiDocument\/1576\">\u25cf Legea contabilit\u0103\u021bii nr. 82\/1991, republicat\u0103 (r4), cu modific\u0103rile \u0219i complet\u0103rile ulterioare:<\/a><\/p>\n<p><a href=\"http:\/\/legislatie.just.ro\/Public\/DetaliiDocumentAfis\/243459\">\u25cf Legea nr. 227\/2015 privind Codul fiscal, cu modific\u0103rile \u0219i complet\u0103rile ulterioare:<\/a><\/p>\n<p><a href=\"http:\/\/legislatie.just.ro\/Public\/DetaliiDocument\/8624\">\u25cf Legea nr. 119\/1996 ci privire la actele de stare civil\u0103, republicat\u0103 (r2), cu modific\u0103rile \u0219i complet\u0103rile ulterioare:<\/a><\/p>\n<p><a href=\"http:\/\/legislatie.just.ro\/Public\/DetaliiDocument\/178667\">\u25cf Legea nr. 98\/2016 privind achizi\u021biile publice, cu modific\u0103rile \u0219i complet\u0103rile ulterioare:<\/a><\/p>\n<p><a href=\"http:\/\/legislatie.just.ro\/Public\/DetaliiDocument\/178689\">\u25cf Legea nr. 100\/2016 privind concesiunile de lucr\u0103ri \u0219i concesiunile de servicii, cu modific\u0103rile \u0219i complet\u0103rile ulterioare:<\/a><\/p>\n<p><a href=\"http:\/\/legislatie.just.ro\/Public\/DetaliiDocument\/156432\">\u25cf Legea nr.333\/2003 cu privire la paza obiectivelor, bunurilor, valorilor \u015fi protec\u0163ia persoanelor, republicat\u0103, cu modific\u0103rile \u0219i complet\u0103rile ulterioare<\/a><\/p>\n<p><a href=\"http:\/\/legislatie.just.ro\/Public\/DetaliiDocument\/201185\">\u25cf Legea nr.176\/2010 privind integritatea \u00een exercitarea func\u0163iilor \u015fi demnit\u0103\u021bilor publice, pentru modificarea \u015fi completarea Legii nr.144\/2007 privind \u00eenfiin\u0163area, organizarea \u015fi func\u0163ionarea Agen\u0163iei Na\u0163ionale de Integritate, precum \u015fi pentru modificarea \u015fi completarea altor acte normative, cu modific\u0103rile \u0219i complet\u0103rile ulterioare<\/a><\/p>\n<p><a href=\"http:\/\/legislatie.just.ro\/Public\/DetaliiDocument\/43323#id_artA511\">\u25cf Legea nr.161\/2003 privind unele m\u0103suri pentru asigurarea transparen\u021bei \u00een exercitarea demnit\u0103\u021bilor publice, a func\u021biilor publice \u015fi \u00een mediul de afaceri, prevenirea \u015fi sanc\u0163ionarea corup\u021biei, cu modific\u0103rile \u0219i complet\u0103rile ulterioare:<\/a><\/p>\n<p><a href=\"http:\/\/legislatie.just.ro\/Public\/DetaliiDocument\/203359\">\u25cf Legea fondului funciar 18\/1991 rerepublicat\u0103, cu modific\u0103rile \u0219i complet\u0103rile ulterioare:<\/a><\/p>\n<p><a href=\"http:\/\/legislatie.just.ro\/Public\/DetaliiDocument\/96993\">\u25cf Ordonan\u021ba nr. 28\/2008 privind registrul agricol, cu modific\u0103rile \u0219i complet\u0103rile ulterioare:<\/a><\/p>\n<p><a href=\"http:\/\/legislatie.just.ro\/Public\/DetaliiDocument\/162616\">\u25cf Legea nr. 145\/2014 pentru stabilirea unor masuri de reglementare a pietei produselor din sectorul agricol, cu modific\u0103rile \u0219i complet\u0103rile ulterioare<\/a><\/p>\n<p><a href=\"http:\/\/legislatie.just.ro\/Public\/DetaliiDocument\/156290\">\u25cf Legea nr.17\/2014 privind unele m\u0103suri de reglementare a v\u00e2nz\u0103rii-cump\u0103r\u0103rii terenurilor agricole situate \u00een extravilan \u015fi de modificare a Legii nr. 268\/2001 privind privatizarea societ\u0103\u0163ilor comerciale ce de\u0163in \u00een administrare terenuri proprietate public\u0103 \u015fi privat\u0103 a statului cu destina\u0163ie agricol\u0103 \u015fi \u00eenfiin\u0163area Agen\u0163iei Domeniilor Statului, cu modific\u0103rile \u0219i complet\u0103rile ulterioare:<\/a><\/p>\n<p><a href=\"http:\/\/legislatie.just.ro\/Public\/DetaliiDocument\/203151\">\u25cf Legea nr.190\/2018 privind masuri de punere \u00een aplicare a Regulamentului (UE) 2016\/679 al Parlamentului European si al Consiliului din 27 aprilie 2016 privind protectia persoanelor fizice \u00een ceea ce priveste prelucrarea datelor cu caracter personal si privind libera circulatie a acestor date si de abrogare a Directivei 95\/46\/CE, cu modific\u0103rile ulterioare:<\/a><\/p>\n<p><a href=\"http:\/\/legislatie.just.ro\/Public\/DetaliiDocument\/19169\">\u25cf Ordonan\u021ba Guvernului nr. 119\/1999 privind privind controlul intern si controlul financiar preventiv, republicat\u0103, cu modific\u0103rile ulterioare:<\/a><\/p>\n<p>Acte normative cu impact asupra activit\u0103\u021bii:<\/p>\n<p><a href=\"http:\/\/legislatie.just.ro\/Public\/DetaliiDocument\/31413\">\u25cf Legea nr. 544\/2001 privind liberul acces la informa\u021biile de interes public, cu modific\u0103rile \u015fi complet\u0103rile ulterioare:<\/a><\/p>\n<p><a href=\"http:\/\/legislatie.just.ro\/Public\/DetaliiDocument\/33817\">\u25cf Ordonan\u021ba Guvernului nr. 27\/2002 privind reglementarea activit\u0103\u021bii de solu\u021bionare a peti\u021biilor, cu modific\u0103rile ulterioare:<\/a><\/p>\n<p><a href=\"http:\/\/legislatie.just.ro\/Public\/DetaliiDocument\/45932\">\u25cf Ordonan\u021ba Guvernului nr. 80\/2003 privind concediul de odihn\u0103 anual \u015fi alte concedii ale pre\u015fedin\u0163ilor \u015fi vicepre\u015fedin\u0163ilor consiliilor jude\u0163ene, precum \u015fi ale primarilor \u015fi viceprimarilor, cu modific\u0103rile ulterioare<\/a><\/p>\n<p><a href=\"http:\/\/legislatie.just.ro\/Public\/DetaliiDocument\/51282\">\u25cf Hot\u0103r\u00e2rea Guvernului nr. 432\/2004 privind dosarul profesional al func\u021bionarilor publici, cu modific\u0103rile \u0219i complet\u0103rile ulterioare:<\/a><\/p>\n<p><a href=\"http:\/\/legislatie.just.ro\/Public\/DetaliiDocument\/195770\">\u25cf Hot\u0103r\u00e2rea Guvernului nr. 905\/2017 privind registrul general de eviden\u0163\u0103 a salaria\u021bilor:<\/a><\/p>\n<p><a href=\"http:\/\/legislatie.just.ro\/Public\/DetaliiDocument\/2566\">\u25cf Hot\u0103r\u00e2rea Guvernului nr. 250\/1992 privind concediul de odihn\u0103 \u0219i alte concedii ale salaria\u021bilor din administra\u021bia public\u0103, din regiile autonome cu specific deosebit \u0219i din unit\u0103\u021bile bugetare, republicat\u0103, cu modific\u0103rile ulterioare:<\/a><\/p>\n<p><a href=\"http:\/\/legislatie.just.ro\/Public\/DetaliiDocumentAfis\/224803\">\u25cf Ordinul nr. 25\/1382\/37\/1642\/14297\/746\/20\/2020, publicat \u00een MOR, Partea I, nr. 307 din 13 aprilie 2020 privind aprobarea Normelor tehnice privind modul de completare a registrului agricol pentru perioada 2020 \u2013 2024:<\/a><\/p>\n<p><a href=\"http:\/\/legislatie.just.ro\/Public\/DetaliiDocument\/200317\">\u25cf Ordinul Secretariatului General al Guvernului nr. 600\/2018 privind aprobarea Codului controlului intern managerial al entitatilor publice<\/a><\/p>\n","protected":false},"excerpt":{"rendered":"<p>\u25cf Constitu\u021bia Rom\u00e2niei \u25cf Ordonan\u021ba de urgen\u021b\u0103 nr.57\/2019 privind Codul administrativ, cu modific\u0103rile \u0219i complet\u0103rile ulterioare: \u25cf Ordonan\u021ba de urgen\u021b\u0103 [&hellip;]<\/p>\n","protected":false},"author":1,"featured_media":0,"parent":1087,"menu_order":0,"comment_status":"closed","ping_status":"closed","template":"","meta":{"pagelayer_contact_templates":[],"_pagelayer_content":"","site-sidebar-layout":"default","site-content-layout":"","ast-site-content-layout":"default","site-content-style":"default","site-sidebar-style":"default","ast-global-header-display":"","ast-banner-title-visibility":"","ast-main-header-display":"","ast-hfb-above-header-display":"","ast-hfb-below-header-display":"","ast-hfb-mobile-header-display":"","site-post-title":"","ast-breadcrumbs-content":"","ast-featured-img":"","footer-sml-layout":"","theme-transparent-header-meta":"default","adv-header-id-meta":"","stick-header-meta":"","header-above-stick-meta":"","header-main-stick-meta":"","header-below-stick-meta":"","astra-migrate-meta-layouts":"set","ast-page-background-enabled":"default","ast-page-background-meta":{"desktop":{"background-color":"var(--ast-global-color-5)","background-image":"","background-repeat":"repeat","background-position":"center center","background-size":"auto","background-attachment":"scroll","background-type":"","background-media":"","overlay-type":"","overlay-color":"","overlay-opacity":"","overlay-gradient":""},"tablet":{"background-color":"","background-image":"","background-repeat":"repeat","background-position":"center center","background-size":"auto","background-attachment":"scroll","background-type":"","background-media":"","overlay-type":"","overlay-color":"","overlay-opacity":"","overlay-gradient":""},"mobile":{"background-color":"","background-image":"","background-repeat":"repeat","background-position":"center center","background-size":"auto","background-attachment":"scroll","background-type":"","background-media":"","overlay-type":"","overlay-color":"","overlay-opacity":"","overlay-gradient":""}},"ast-content-background-meta":{"desktop":{"background-color":"var(--ast-global-color-4)","background-image":"","background-repeat":"repeat","background-position":"center center","background-size":"auto","background-attachment":"scroll","background-type":"","background-media":"","overlay-type":"","overlay-color":"","overlay-opacity":"","overlay-gradient":""},"tablet":{"background-color":"var(--ast-global-color-4)","background-image":"","background-repeat":"repeat","background-position":"center center","background-size":"auto","background-attachment":"scroll","background-type":"","background-media":"","overlay-type":"","overlay-color":"","overlay-opacity":"","overlay-gradient":""},"mobile":{"background-color":"var(--ast-global-color-4)","background-image":"","background-repeat":"repeat","background-position":"center center","background-size":"auto","background-attachment":"scroll","background-type":"","background-media":"","overlay-type":"","overlay-color":"","overlay-opacity":"","overlay-gradient":""}},"footnotes":""},"class_list":["post-1088","page","type-page","status-publish","hentry"],"_links":{"self":[{"href":"https:\/\/primariagramesti.ro\/web2\/index.php?rest_route=\/wp\/v2\/pages\/1088","targetHints":{"allow":["GET"]}}],"collection":[{"href":"https:\/\/primariagramesti.ro\/web2\/index.php?rest_route=\/wp\/v2\/pages"}],"about":[{"href":"https:\/\/primariagramesti.ro\/web2\/index.php?rest_route=\/wp\/v2\/types\/page"}],"author":[{"embeddable":true,"href":"https:\/\/primariagramesti.ro\/web2\/index.php?rest_route=\/wp\/v2\/users\/1"}],"replies":[{"embeddable":true,"href":"https:\/\/primariagramesti.ro\/web2\/index.php?rest_route=%2Fwp%2Fv2%2Fcomments&post=1088"}],"version-history":[{"count":2,"href":"https:\/\/primariagramesti.ro\/web2\/index.php?rest_route=\/wp\/v2\/pages\/1088\/revisions"}],"predecessor-version":[{"id":1478,"href":"https:\/\/primariagramesti.ro\/web2\/index.php?rest_route=\/wp\/v2\/pages\/1088\/revisions\/1478"}],"up":[{"embeddable":true,"href":"https:\/\/primariagramesti.ro\/web2\/index.php?rest_route=\/wp\/v2\/pages\/1087"}],"wp:attachment":[{"href":"https:\/\/primariagramesti.ro\/web2\/index.php?rest_route=%2Fwp%2Fv2%2Fmedia&parent=1088"}],"curies":[{"name":"wp","href":"https:\/\/api.w.org\/{rel}","templated":true}]}}