{"id":1097,"date":"2025-09-02T21:39:03","date_gmt":"2025-09-02T21:39:03","guid":{"rendered":"http:\/\/localhost\/wordpress\/?page_id=1097"},"modified":"2025-09-09T16:48:15","modified_gmt":"2025-09-09T16:48:15","slug":"primar","status":"publish","type":"page","link":"https:\/\/primariagramesti.ro\/web2\/?page_id=1097","title":{"rendered":"Primar"},"content":{"rendered":"\t\t<div data-elementor-type=\"wp-page\" data-elementor-id=\"1097\" class=\"elementor elementor-1097\" data-elementor-post-type=\"page\">\n\t\t\t\t<div class=\"elementor-element elementor-element-db6cc69 e-flex e-con-boxed e-con e-parent\" data-id=\"db6cc69\" data-element_type=\"container\">\n\t\t\t\t\t<div class=\"e-con-inner\">\n\t\t<div class=\"elementor-element elementor-element-7020f54 e-con-full e-flex e-con e-child\" data-id=\"7020f54\" data-element_type=\"container\">\n\t\t\t\t<div class=\"elementor-element elementor-element-24c7250 elementor-widget elementor-widget-image\" data-id=\"24c7250\" data-element_type=\"widget\" data-widget_type=\"image.default\">\n\t\t\t\t<div class=\"elementor-widget-container\">\n\t\t\t\t\t\t\t\t\t\t\t\t\t\t\t<img fetchpriority=\"high\" decoding=\"async\" width=\"592\" height=\"1024\" src=\"https:\/\/primariagramesti.ro\/web2\/wp-content\/uploads\/2025\/09\/VeronicaAnechitei-592x1024.png\" class=\"attachment-large size-large wp-image-1541\" alt=\"\" srcset=\"https:\/\/primariagramesti.ro\/web2\/wp-content\/uploads\/2025\/09\/VeronicaAnechitei-592x1024.png 592w, https:\/\/primariagramesti.ro\/web2\/wp-content\/uploads\/2025\/09\/VeronicaAnechitei-174x300.png 174w, https:\/\/primariagramesti.ro\/web2\/wp-content\/uploads\/2025\/09\/VeronicaAnechitei.png 626w\" sizes=\"(max-width: 592px) 100vw, 592px\" \/>\t\t\t\t\t\t\t\t\t\t\t\t\t\t\t<\/div>\n\t\t\t\t<\/div>\n\t\t\t\t<div class=\"elementor-element elementor-element-976f18a elementor-widget elementor-widget-text-editor\" data-id=\"976f18a\" data-element_type=\"widget\" data-widget_type=\"text-editor.default\">\n\t\t\t\t<div class=\"elementor-widget-container\">\n\t\t\t\t\t\t\t\t\t<p class=\"\" data-start=\"178\" data-end=\"219\"><strong data-start=\"178\" data-end=\"219\">Stima\u021bi cet\u0103\u021beni ai comunei Gr\u0103me\u0219ti,<\/strong><\/p><p class=\"\" data-start=\"221\" data-end=\"507\">\u00a0 \u00a0 \u00a0 \u00a0 Ca primar ales al comunei, \u00eemi revine onoarea \u0219i responsabilitatea de a lucra \u00een slujba dumneavoastr\u0103, cu transparen\u021b\u0103, respect \u0219i dedicare. V\u0103 asigur c\u0103 toate eforturile mele sunt \u00eendreptate spre dezvoltarea localit\u0103\u021bii, \u00eembun\u0103t\u0103\u021birea calit\u0103\u021bii vie\u021bii \u0219i sprijinirea fiec\u0103rui cet\u0103\u021bean.<\/p><p class=\"\" data-start=\"509\" data-end=\"633\">V\u0103 mul\u021bumesc pentru \u00eencrederea acordat\u0103 \u0219i v\u0103 invit s\u0103 r\u0103m\u00e2ne\u021bi al\u0103turi de noi \u00een proiectele de viitor ale comunei Gr\u0103me\u0219ti.<\/p><p class=\"\" data-start=\"635\" data-end=\"699\"><strong data-start=\"635\" data-end=\"650\">Cu respect,<\/strong><br data-start=\"650\" data-end=\"653\" \/><strong>Veronica Anechitei<\/strong><br data-start=\"671\" data-end=\"674\" \/>Primarul comunei Gr\u0103me\u0219ti<\/p>\t\t\t\t\t\t\t\t<\/div>\n\t\t\t\t<\/div>\n\t\t\t\t<\/div>\n\t\t<div class=\"elementor-element elementor-element-0534bf5 e-con-full e-flex e-con e-child\" data-id=\"0534bf5\" data-element_type=\"container\">\n\t\t\t\t<div class=\"elementor-element elementor-element-72f3b79 e-n-tabs-mobile elementor-widget elementor-widget-n-tabs\" data-id=\"72f3b79\" data-element_type=\"widget\" data-settings=\"{&quot;horizontal_scroll&quot;:&quot;disable&quot;}\" data-widget_type=\"nested-tabs.default\">\n\t\t\t\t<div class=\"elementor-widget-container\">\n\t\t\t\t\t\t\t<div class=\"e-n-tabs\" data-widget-number=\"120535929\" aria-label=\"Tabs. Open items with Enter or Space, close with Escape and navigate using the Arrow keys.\">\n\t\t\t<div class=\"e-n-tabs-heading\" role=\"tablist\">\n\t\t\t\t\t<button id=\"e-n-tab-title-1205359291\" class=\"e-n-tab-title\" aria-selected=\"true\" data-tab-index=\"1\" role=\"tab\" tabindex=\"0\" aria-controls=\"e-n-tab-content-1205359291\" style=\"--n-tabs-title-order: 1;\">\n\t\t\t\t\t\t<span class=\"e-n-tab-title-text\">\n\t\t\t\tAtribu\u021biile primarului\t\t\t<\/span>\n\t\t<\/button>\n\t\t\t\t<button id=\"e-n-tab-title-1205359292\" class=\"e-n-tab-title\" aria-selected=\"false\" data-tab-index=\"2\" role=\"tab\" tabindex=\"-1\" aria-controls=\"e-n-tab-content-1205359292\" style=\"--n-tabs-title-order: 2;\">\n\t\t\t\t\t\t<span class=\"e-n-tab-title-text\">\n\t\t\t\tInstitu\u021bia primarului\t\t\t<\/span>\n\t\t<\/button>\n\t\t\t\t<button id=\"e-n-tab-title-1205359293\" class=\"e-n-tab-title\" aria-selected=\"false\" data-tab-index=\"3\" role=\"tab\" tabindex=\"-1\" aria-controls=\"e-n-tab-content-1205359293\" style=\"--n-tabs-title-order: 3;\">\n\t\t\t\t\t\t<span class=\"e-n-tab-title-text\">\n\t\t\t\tDeclara\u021bii\t\t\t<\/span>\n\t\t<\/button>\n\t\t\t\t<button id=\"e-n-tab-title-1205359294\" class=\"e-n-tab-title\" aria-selected=\"false\" data-tab-index=\"4\" role=\"tab\" tabindex=\"-1\" aria-controls=\"e-n-tab-content-1205359294\" style=\"--n-tabs-title-order: 4;\">\n\t\t\t\t\t\t<span class=\"e-n-tab-title-text\">\n\t\t\t\tCV\t\t\t<\/span>\n\t\t<\/button>\n\t\t\t\t\t<\/div>\n\t\t\t<div class=\"e-n-tabs-content\">\n\t\t\t\t<div id=\"e-n-tab-content-1205359291\" role=\"tabpanel\" aria-labelledby=\"e-n-tab-title-1205359291\" data-tab-index=\"1\" style=\"--n-tabs-title-order: 1;\" class=\"e-active elementor-element elementor-element-6880092 e-con-full e-flex e-con e-child\" data-id=\"6880092\" data-element_type=\"container\">\n\t\t\t\t<div class=\"elementor-element elementor-element-1426779 elementor-widget elementor-widget-text-editor\" data-id=\"1426779\" data-element_type=\"widget\" data-widget_type=\"text-editor.default\">\n\t\t\t\t<div class=\"elementor-widget-container\">\n\t\t\t\t\t\t\t\t\t<p><strong>Rolul \u015fi atribu\u0163iile primarului conform OUG 57\/2019 privind Codul administrativ<\/strong><\/p><p>ART. 154<br \/><strong>Rolul primarului<\/strong><br \/>(1) Primarul asigur\u0103 respectarea drepturilor \u015fi libert\u0103\u0163ilor fundamentale ale cet\u0103\u0163enilor, a<br \/>prevederilor Constitu\u0163iei, precum \u015fi punerea \u00een aplicare a legilor, a decretelor Pre\u015fedintelui<br \/>Rom\u00e2niei, a ordonan\u0163elor \u015fi hot\u0103r\u00e2rilor Guvernului, a hot\u0103r\u00e2rilor consiliului local. Primarul<br \/>dispune m\u0103surile necesare \u015fi acord\u0103 sprijin pentru aplicarea ordinelor \u015fi instruc\u0163iunilor cu<br \/>caracter normativ ale mini\u015ftrilor, ale celorlal\u0163i conduc\u0103tori ai autorit\u0103\u0163ilor administra\u0163iei<br \/>publice centrale, ale prefectului, a dispozi\u0163iilor pre\u015fedintelui consiliului jude\u0163ean, precum \u015fi<br \/>a hot\u0103r\u00e2rilor consiliului jude\u0163ean, \u00een condi\u0163iile legii.<br \/>(2) Pentru punerea \u00een aplicare a activit\u0103\u0163ilor date \u00een competen\u0163a sa prin actele prev\u0103zute<br \/>la alin. (1), primarul are \u00een subordine un aparat de specialitate.<br \/>(3) Aparatul de specialitate al primarului este structurat pe compartimente func\u0163ionale<br \/>\u00eencadrate cu func\u0163ionari publici \u015fi personal contractual.<br \/>(4) Primarul conduce institu\u0163iile publice de interes local, precum \u015fi serviciile publice de<br \/>interes local.<br \/>(5) Primarul particip\u0103 la \u015fedin\u0163ele consiliului local \u015fi are dreptul s\u0103 \u00ee\u015fi exprime punctul de<br \/>vedere asupra tuturor problemelor \u00eenscrise pe ordinea de zi, precum \u015fi de a formula<br \/>amendamente de fond sau de form\u0103 asupra oric\u0103ror proiecte de hot\u0103r\u00e2ri, inclusiv ale altor<br \/>ini\u0163iatori. Punctul de vedere al primarului se consemneaz\u0103, \u00een mod obligatoriu, \u00een procesulverbal al \u015fedin\u0163ei.<br \/>(6) Primarul, \u00een calitatea sa de autoritate public\u0103 executiv\u0103 a administra\u0163iei publice<br \/>locale, reprezint\u0103 unitatea administrativ-teritorial\u0103 \u00een rela\u0163iile cu alte autorit\u0103\u0163i publice, cu<br \/>persoanele fizice sau juridice rom\u00e2ne \u015fi str\u0103ine, precum \u015fi \u00een justi\u0163ie.<br \/>ART. 155<br \/>Atribu\u0163iile primarului<br \/>(1) Primarul \u00eendepline\u015fte urm\u0103toarele categorii principale de atribu\u0163ii:<br \/>a) atribu\u0163ii exercitate \u00een calitate de reprezentant al statului, \u00een condi\u0163iile legii;<br \/>b) atribu\u0163ii referitoare la rela\u0163ia cu consiliul local;<br \/>c) atribu\u0163ii referitoare la bugetul local al unit\u0103\u0163ii administrativ-teritoriale;<br \/>d) atribu\u0163ii privind serviciile publice asigurate cet\u0103\u0163enilor, de interes local;<br \/>e) alte atribu\u0163ii stabilite prin lege.<br \/>(2) \u00cen temeiul alin. (1) lit. a), primarul:<br \/>a) \u00eendepline\u015fte func\u0163ia de ofi\u0163er de stare civil\u0103 \u015fi de autoritate tutelar\u0103 \u015fi asigur\u0103<br \/>func\u0163ionarea serviciilor publice locale de profil;<br \/>b) \u00eendepline\u015fte atribu\u0163ii privind organizarea \u015fi desf\u0103\u015furarea alegerilor, referendumului \u015fi<br \/>a recens\u0103m\u00e2ntului;<br \/>c) \u00eendepline\u015fte alte atribu\u0163ii stabilite prin lege.<br \/>(3) \u00cen exercitarea atribu\u0163iilor prev\u0103zute la alin. (1) lit. b), primarul:<br \/>a) prezint\u0103 consiliului local, \u00een primul trimestru al anului, un raport anual privind starea<br \/>economic\u0103, social\u0103 \u015fi de mediu a unit\u0103\u0163ii administrativ-teritoriale, care se public\u0103 pe<br \/>pagina de internet a unit\u0103\u0163ii administrativ-teritoriale \u00een condi\u0163iile legii;<br \/>b) particip\u0103 la \u015fedin\u0163ele consiliului local \u015fi dispune m\u0103surile necesare pentru preg\u0103tirea<br \/>\u015fi desf\u0103\u015furarea \u00een bune condi\u0163ii a acestora;<br \/>c) prezint\u0103, la solicitarea consiliului local, alte rapoarte \u015fi inform\u0103ri;<br \/>d) elaboreaz\u0103, \u00een urma consult\u0103rilor publice, proiectele de strategii privind starea<br \/>economic\u0103, social\u0103 \u015fi de mediu a unit\u0103\u0163ii administrativ-teritoriale, le public\u0103 pe site-ul<br \/>unit\u0103\u0163ii administrativ-teritoriale \u015fi le supune aprob\u0103rii consiliului local.<br \/>(4) \u00cen exercitarea atribu\u0163iilor prev\u0103zute la alin. (1) lit. c), primarul:<br \/>a) exercit\u0103 func\u0163ia de ordonator principal de credite;<br \/>b) \u00eentocme\u015fte proiectul bugetului unit\u0103\u0163ii administrativ-teritoriale \u015fi contul de \u00eencheiere a<br \/>exerci\u0163iului bugetar \u015fi le supune spre aprobare consiliului local, \u00een condi\u0163iile \u015fi la termenele<br \/>prev\u0103zute de lege;<br \/>c) prezint\u0103 consiliului local inform\u0103ri periodice privind execu\u0163ia bugetar\u0103, \u00een condi\u0163iile<br \/>legii;<br \/>d) ini\u0163iaz\u0103, \u00een condi\u0163iile legii, negocieri pentru contractarea de \u00eemprumuturi \u015fi emiterea de<br \/>titluri de valoare \u00een numele unit\u0103\u0163ii administrativ-teritoriale;<br \/>e) verific\u0103, prin compartimentele de specialitate, corecta \u00eenregistrare fiscal\u0103 a<br \/>contribuabililor la organul fiscal teritorial, at\u00e2t a sediului social principal, c\u00e2t \u015fi a sediului<br \/>secundar.<br \/>(5) \u00cen exercitarea atribu\u0163iilor prev\u0103zute la alin. (1) lit. d), primarul:<br \/>a) coordoneaz\u0103 realizarea serviciilor publice de interes local, prin intermediul aparatului<br \/>de specialitate sau prin intermediul organismelor prestatoare de servicii publice \u015fi de<br \/>utilitate public\u0103 de interes local;<br \/>b) ia m\u0103suri pentru prevenirea \u015fi, dup\u0103 caz, gestionarea situa\u0163iilor de urgen\u0163\u0103;<br \/>c) ia m\u0103suri pentru organizarea execut\u0103rii \u015fi executarea \u00een concret a activit\u0103\u0163ilor din<br \/>domeniile prev\u0103zute la art. 129 alin. (6) \u015fi (7);<br \/>d) ia m\u0103suri pentru asigurarea inventarierii, eviden\u0163ei statistice, inspec\u0163iei \u015fi controlului<br \/>furniz\u0103rii serviciilor publice de interes local prev\u0103zute la art. 129 alin. (6) \u015fi (7), precum \u015fi a<br \/>bunurilor din patrimoniul public \u015fi privat al unit\u0103\u0163ii administrativ-teritoriale;<br \/>e) nume\u015fte, sanc\u0163ioneaz\u0103 \u015fi dispune suspendarea, modificarea \u015fi \u00eencetarea raporturilor<br \/>de serviciu sau, dup\u0103 caz, a raporturilor de munc\u0103, \u00een condi\u0163iile legii, pentru personalul din<br \/>cadrul aparatului de specialitate, precum \u015fi pentru conduc\u0103torii institu\u0163iilor \u015fi serviciilor<br \/>publice de interes local;<br \/>f) asigur\u0103 elaborarea planurilor urbanistice prev\u0103zute de lege, le supune aprob\u0103rii<br \/>consiliului local \u015fi ac\u0163ioneaz\u0103 pentru respectarea prevederilor acestora;<br \/>g) emite avizele, acordurile \u015fi autoriza\u0163iile date \u00een competen\u0163a sa prin lege \u015fi alte acte<br \/>normative, ulterior verific\u0103rii \u015fi certific\u0103rii de c\u0103tre compartimentele de specialitate din<br \/>punctul de vedere al regularit\u0103\u0163ii, legalit\u0103\u0163ii \u015fi de \u00eendeplinire a cerin\u0163elor tehnice;<br \/>h) asigur\u0103 realizarea lucr\u0103rilor \u015fi ia m\u0103surile necesare conform\u0103rii cu prevederile<br \/>angajamentelor asumate \u00een procesul de integrare european\u0103 \u00een domeniul protec\u0163iei<br \/>mediului \u015fi gospod\u0103ririi apelor pentru serviciile furnizate cet\u0103\u0163enilor.<br \/>(6) Primarul desemneaz\u0103 func\u0163ionarii publici anume \u00eemputernici\u0163i s\u0103 duc\u0103 la \u00eendeplinire<br \/>obliga\u0163iile privind comunicarea cita\u0163iilor \u015fi a altor acte de procedur\u0103, \u00een condi\u0163iile Legii nr.<br \/>135\/2010, cu modific\u0103rile \u015fi complet\u0103rile ulterioare.<br \/>(7) Pentru exercitarea corespunz\u0103toare a atribu\u0163iilor sale, primarul colaboreaz\u0103 cu<br \/>serviciile publice deconcentrate ale ministerelor \u015fi ale celorlalte organe de specialitate ale<br \/>administra\u0163iei publice centrale din unit\u0103\u0163ile administrativ-teritoriale, precum \u015fi cu autorit\u0103\u0163ile<br \/>administra\u0163iei publice locale \u015fi jude\u0163ene.<br \/>(8) Numirea conduc\u0103torilor institu\u0163iilor publice de interes local, respectiv ai serviciilor<br \/>publice de interes local se face pe baza concursului sau examenului organizat potrivit<br \/>procedurilor \u015fi criteriilor aprobate de consiliul local la propunerea primarului, \u00een condi\u0163iile<br \/>p\u0103r\u0163ii a VI-a titlul II capitolul VI sau titlul III capitolul IV, dup\u0103 caz.<br \/>ART. 156<br \/>Atribu\u0163iile primarului \u00een calitate de reprezentant al statului<br \/>(1) \u00cen exercitarea atribu\u0163iilor de autoritate tutelar\u0103 \u015fi de ofi\u0163er de stare civil\u0103, a sarcinilor<br \/>ce \u00eei revin din actele normative privitoare la recens\u0103m\u00e2nt, la organizarea \u015fi desf\u0103\u015furarea<br \/>alegerilor, la luarea m\u0103surilor de protec\u0163ie civil\u0103, precum \u015fi a altor atribu\u0163ii stabilite prin<br \/>lege, primarul ac\u0163ioneaz\u0103 \u015fi ca reprezentant al statului \u00een comuna, \u00een ora\u015ful sau \u00een<br \/>municipiul \u00een care a fost ales.<br \/>(2) \u00cen aceast\u0103 calitate, primarul poate solicita prefectului, \u00een condi\u0163iile legii, sprijinul<br \/>conduc\u0103torilor serviciilor publice deconcentrate ale ministerelor \u015fi ale celorlalte organe de<br \/>specialitate ale administra\u0163iei publice centrale din unit\u0103\u0163ile administrativ-teritoriale, dac\u0103<br \/>sarcinile ce \u00eei revin nu pot fi rezolvate prin aparatul de specialitate.<br \/>ART. 157<br \/>Delegarea atribu\u0163iilor<br \/>(1) Primarul poate delega, prin dispozi\u0163ie, atribu\u0163iile ce \u00eei sunt conferite de lege \u015fi alte<br \/>acte normative viceprimarului, secretarului general al unit\u0103\u0163ii\/subdiviziunii administrativteritoriale, conduc\u0103torilor compartimentelor func\u0163ionale sau personalului din aparatul de<br \/>specialitate, administratorului public, precum \u015fi conduc\u0103torilor institu\u0163iilor \u015fi serviciilor<br \/>publice de interes local, \u00een func\u0163ie de competen\u0163ele ce le revin \u00een domeniile respective.<br \/>(2) Dispozi\u0163ia de delegare trebuie s\u0103 prevad\u0103 perioada, atribu\u0163iile delegate \u015fi limitele<br \/>exercit\u0103rii atribu\u0163iilor delegate, sub sanc\u0163iunea nulit\u0103\u0163ii. Dispozi\u0163ia de delegare nu poate<br \/>avea ca obiect toate atribu\u0163iile prev\u0103zute de lege \u00een sarcina primarului. Delegarea de<br \/>atribu\u0163ii se face numai cu informarea prealabil\u0103 a persoanei c\u0103reia i se deleag\u0103 atribu\u0163iile.<br \/>(3) Persoana c\u0103reia i-au fost delegate atribu\u0163ii \u00een condi\u0163iile alin. (1) \u015fi (2) exercit\u0103 pe<br \/>perioada deleg\u0103rii atribu\u0163iile func\u0163iei pe care o de\u0163ine, precum \u015fi atribu\u0163iile delegate; este<br \/>interzis\u0103 subdelegarea atribu\u0163iilor.<br \/>(4) Persoana c\u0103reia i-au fost delegate atribu\u0163ii \u00een condi\u0163iile alin. (1) \u015fi (2) r\u0103spunde civil,<br \/>administrativ sau penal, dup\u0103 caz, pentru faptele s\u0103v\u00e2r\u015fite cu \u00eenc\u0103lcarea legii \u00een<br \/>exercitarea acestor atribu\u0163ii.<br \/>ART. 158<br \/>Cabinetul primarului \u015fi viceprimarului<br \/>Primarii \u015fi viceprimarii comunelor, ai ora\u015felor, ai municipiilor \u015fi ai sectoarelor<br \/>municipiului Bucure\u015fti pot \u00eenfiin\u0163a, \u00een limita num\u0103rului maxim de posturi aprobate, cabinetul<br \/>primarului, respectiv al viceprimarului, \u00een condi\u0163iile prev\u0103zute de partea a VI-a titlul III<br \/>capitolul II.<\/p>\t\t\t\t\t\t\t\t<\/div>\n\t\t\t\t<\/div>\n\t\t\t\t<\/div>\n\t\t<div id=\"e-n-tab-content-1205359292\" role=\"tabpanel\" aria-labelledby=\"e-n-tab-title-1205359292\" data-tab-index=\"2\" style=\"--n-tabs-title-order: 2;\" class=\" elementor-element elementor-element-780d80c e-con-full e-flex e-con e-child\" data-id=\"780d80c\" data-element_type=\"container\">\n\t\t\t\t<div class=\"elementor-element elementor-element-b16e9a8 elementor-widget elementor-widget-text-editor\" data-id=\"b16e9a8\" data-element_type=\"widget\" data-widget_type=\"text-editor.default\">\n\t\t\t\t<div class=\"elementor-widget-container\">\n\t\t\t\t\t\t\t\t\t<ul><li>Primarul este \u015feful administra\u0163iei publice locale \u015fi r\u0103spunde \u00een fa\u0163a consiliului de buna func\u0163ionare a acesteia.<\/li><li>Reprezint\u0103 ora\u015ful \u00een rela\u0163iile cu persoanele fizice sau juridice din \u0163ar\u0103 \u015fi din str\u0103in\u0103tate, precum \u015fi \u00een justi\u0163tie.<\/li><li>\u00cendepline\u015fte func\u0163ia de ordonator principal de credite.<\/li><li>Conduce serviciile publice locale, fiind sprijinit \u00een activitatea sa de c\u0103tre cei doi viceprimari \u015fi de c\u0103tre secretar.<\/li><li>Func\u0163ionarea eficient\u0103 a acestei institu\u0163ii este asigurat\u0103 de c\u0103tre direc\u0163ii.<\/li><li>Emite avize, acorduri \u015fi autoriza\u0163ii, exercit\u00e2ndu-\u015fi atribu\u0163iunile prin intermediul dispozi\u0163iilor.<\/li><li>Asigur\u0103 respectarea drepturilor \u015fi libert\u0103\u0163ilor fundamentale ale cet\u0103\u0163enilor, ordinea public\u0103 \u015fi lini\u015ftea locuitorilor.<\/li><li>Asigura elaborarea regulamentului local de urbanism \u015fi a documenta\u0163iilor de urbanism \u015fi amenajare a teritoriului \u015fi le supune aprob\u0103rii\u00a0Consiliului local, cu respectarea prevederilor legii.<\/li><li>Supravegheaz\u0103 inventarierea \u015fi administrarea bunurilor care apar\u0163in ora\u015fului.<\/li><\/ul>\t\t\t\t\t\t\t\t<\/div>\n\t\t\t\t<\/div>\n\t\t\t\t<\/div>\n\t\t<div id=\"e-n-tab-content-1205359293\" role=\"tabpanel\" aria-labelledby=\"e-n-tab-title-1205359293\" data-tab-index=\"3\" style=\"--n-tabs-title-order: 3;\" class=\" elementor-element elementor-element-c128bfa e-con-full e-flex e-con e-child\" data-id=\"c128bfa\" data-element_type=\"container\">\n\t\t\t\t<\/div>\n\t\t<div id=\"e-n-tab-content-1205359294\" role=\"tabpanel\" aria-labelledby=\"e-n-tab-title-1205359294\" data-tab-index=\"4\" style=\"--n-tabs-title-order: 4;\" class=\" elementor-element elementor-element-4f39a74 e-con-full e-flex e-con e-child\" data-id=\"4f39a74\" data-element_type=\"container\">\n\t\t\t\t<\/div>\n\t\t\t\t\t<\/div>\n\t\t<\/div>\n\t\t\t\t\t\t<\/div>\n\t\t\t\t<\/div>\n\t\t\t\t<\/div>\n\t\t\t\t\t<\/div>\n\t\t\t\t<\/div>\n\t\t\t\t<\/div>\n\t\t","protected":false},"excerpt":{"rendered":"<p>Stima\u021bi cet\u0103\u021beni ai comunei Gr\u0103me\u0219ti, \u00a0 \u00a0 \u00a0 \u00a0 Ca primar ales al comunei, \u00eemi revine onoarea \u0219i responsabilitatea de [&hellip;]<\/p>\n","protected":false},"author":1,"featured_media":0,"parent":1096,"menu_order":0,"comment_status":"closed","ping_status":"closed","template":"","meta":{"pagelayer_contact_templates":[],"_pagelayer_content":"","site-sidebar-layout":"no-sidebar","site-content-layout":"","ast-site-content-layout":"full-width-container","site-content-style":"default","site-sidebar-style":"default","ast-global-header-display":"","ast-banner-title-visibility":"","ast-main-header-display":"","ast-hfb-above-header-display":"","ast-hfb-below-header-display":"","ast-hfb-mobile-header-display":"","site-post-title":"","ast-breadcrumbs-content":"","ast-featured-img":"disabled","footer-sml-layout":"","theme-transparent-header-meta":"","adv-header-id-meta":"","stick-header-meta":"","header-above-stick-meta":"","header-main-stick-meta":"","header-below-stick-meta":"","astra-migrate-meta-layouts":"default","ast-page-background-enabled":"default","ast-page-background-meta":{"desktop":{"background-color":"var(--ast-global-color-5)","background-image":"","background-repeat":"repeat","background-position":"center center","background-size":"auto","background-attachment":"scroll","background-type":"","background-media":"","overlay-type":"","overlay-color":"","overlay-opacity":"","overlay-gradient":""},"tablet":{"background-color":"","background-image":"","background-repeat":"repeat","background-position":"center center","background-size":"auto","background-attachment":"scroll","background-type":"","background-media":"","overlay-type":"","overlay-color":"","overlay-opacity":"","overlay-gradient":""},"mobile":{"background-color":"","background-image":"","background-repeat":"repeat","background-position":"center center","background-size":"auto","background-attachment":"scroll","background-type":"","background-media":"","overlay-type":"","overlay-color":"","overlay-opacity":"","overlay-gradient":""}},"ast-content-background-meta":{"desktop":{"background-color":"var(--ast-global-color-4)","background-image":"","background-repeat":"repeat","background-position":"center center","background-size":"auto","background-attachment":"scroll","background-type":"","background-media":"","overlay-type":"","overlay-color":"","overlay-opacity":"","overlay-gradient":""},"tablet":{"background-color":"var(--ast-global-color-4)","background-image":"","background-repeat":"repeat","background-position":"center center","background-size":"auto","background-attachment":"scroll","background-type":"","background-media":"","overlay-type":"","overlay-color":"","overlay-opacity":"","overlay-gradient":""},"mobile":{"background-color":"var(--ast-global-color-4)","background-image":"","background-repeat":"repeat","background-position":"center center","background-size":"auto","background-attachment":"scroll","background-type":"","background-media":"","overlay-type":"","overlay-color":"","overlay-opacity":"","overlay-gradient":""}},"footnotes":""},"class_list":["post-1097","page","type-page","status-publish","hentry"],"_links":{"self":[{"href":"https:\/\/primariagramesti.ro\/web2\/index.php?rest_route=\/wp\/v2\/pages\/1097","targetHints":{"allow":["GET"]}}],"collection":[{"href":"https:\/\/primariagramesti.ro\/web2\/index.php?rest_route=\/wp\/v2\/pages"}],"about":[{"href":"https:\/\/primariagramesti.ro\/web2\/index.php?rest_route=\/wp\/v2\/types\/page"}],"author":[{"embeddable":true,"href":"https:\/\/primariagramesti.ro\/web2\/index.php?rest_route=\/wp\/v2\/users\/1"}],"replies":[{"embeddable":true,"href":"https:\/\/primariagramesti.ro\/web2\/index.php?rest_route=%2Fwp%2Fv2%2Fcomments&post=1097"}],"version-history":[{"count":22,"href":"https:\/\/primariagramesti.ro\/web2\/index.php?rest_route=\/wp\/v2\/pages\/1097\/revisions"}],"predecessor-version":[{"id":1547,"href":"https:\/\/primariagramesti.ro\/web2\/index.php?rest_route=\/wp\/v2\/pages\/1097\/revisions\/1547"}],"up":[{"embeddable":true,"href":"https:\/\/primariagramesti.ro\/web2\/index.php?rest_route=\/wp\/v2\/pages\/1096"}],"wp:attachment":[{"href":"https:\/\/primariagramesti.ro\/web2\/index.php?rest_route=%2Fwp%2Fv2%2Fmedia&parent=1097"}],"curies":[{"name":"wp","href":"https:\/\/api.w.org\/{rel}","templated":true}]}}