{"id":1107,"date":"2025-09-02T21:39:03","date_gmt":"2025-09-02T21:39:03","guid":{"rendered":"http:\/\/localhost\/wordpress\/?page_id=1107"},"modified":"2026-01-11T13:28:20","modified_gmt":"2026-01-11T10:28:20","slug":"componenta","status":"publish","type":"page","link":"https:\/\/primariagramesti.ro\/web2\/?page_id=1107","title":{"rendered":"Componen\u021b\u0103"},"content":{"rendered":"\t\t<div data-elementor-type=\"wp-page\" data-elementor-id=\"1107\" class=\"elementor elementor-1107\" data-elementor-post-type=\"page\">\n\t\t\t\t<div class=\"elementor-element elementor-element-28b6c482 e-flex e-con-boxed e-con e-parent\" data-id=\"28b6c482\" data-element_type=\"container\">\n\t\t\t\t\t<div class=\"e-con-inner\">\n\t\t\t\t<div class=\"elementor-element elementor-element-461b49a5 elementor-widget elementor-widget-text-editor\" data-id=\"461b49a5\" data-element_type=\"widget\" data-widget_type=\"text-editor.default\">\n\t\t\t\t<div class=\"elementor-widget-container\">\n\t\t\t\t\t\t\t\t\t<!DOCTYPE html>\n<html lang=\"ro\">\n<head>\n<meta charset=\"UTF-8\">\n<title>Tabel consilieri locali<\/title>\n\n<style>\n\/* Reset de baz\u0103 *\/\ntable {\n  width: 100%;\n  border-collapse: collapse;\n  table-layout: fixed; \/* FOARTE IMPORTANT *\/\n  font-family: Arial, sans-serif;\n  font-size: 14px;\n}\n\n\/* Stil general celule *\/\nth, td {\n  border: 1px solid #d0d7de;\n  padding: 8px 10px;\n  vertical-align: middle;\n}\n\n\/* Antet *\/\nthead th {\n  background-color: #f6f8fa;\n  font-weight: 600;\n  text-align: left;\n}\n\n\/* Coloana NR. *\/\nth.nr,\ntd.nr {\n  width: 60px;              \/* l\u0103\u021bime fix\u0103 mic\u0103 *\/\n  text-align: center;       \/* numere centrate *\/\n  white-space: nowrap;      \/* nu se l\u0103rge\u0219te *\/\n}\n\n\/* Coloana nume *\/\nth.nume,\ntd.nume {\n  width: 40%;\n}\n\n\/* Coloana partid *\/\nth.partid,\ntd.partid {\n  width: auto;\n}\n<\/style>\n<\/head>\n\n<body>\n\n<table>\n  <thead>\n    <tr>\n      <th class=\"nr\">Nr.<\/th>\n      <th class=\"nume\">Nume consilier<\/th>\n      <th class=\"partid\">Partid<\/th>\n    <\/tr>\n  <\/thead>\n  <tbody>\n    <tr>\n      <td class=\"nr\">1<\/td>\n      <td class=\"nume\">T\u0103n\u0103s\u0103 Tudor<\/td>\n      <td class=\"partid\">Partidul Na\u021bional Liberal<\/td>\n    <\/tr>\n    <tr>\n      <td class=\"nr\">2<\/td>\n      <td class=\"nume\">Nimerschii Dorin-Daniel<\/td>\n      <td class=\"partid\">Partidul Na\u021bional Liberal<\/td>\n    <\/tr>\n    <tr>\n      <td class=\"nr\">3<\/td>\n      <td class=\"nume\">Bibicu Constantin<\/td>\n      <td class=\"partid\">Partidul Na\u021bional Liberal<\/td>\n    <\/tr>\n    <tr>\n      <td class=\"nr\">4<\/td>\n      <td class=\"nume\">Av\u0103varei Vlad<\/td>\n      <td class=\"partid\">Partidul Na\u021bional Liberal<\/td>\n    <\/tr>\n    <tr>\n      <td class=\"nr\">5<\/td>\n      <td class=\"nume\">\u0218uleap Vasile<\/td>\n      <td class=\"partid\">Partidul Social Democrat<\/td>\n    <\/tr>\n    <tr>\n      <td class=\"nr\">6<\/td>\n      <td class=\"nume\">Strafuschi D\u0103nu\u021b-Gheorghe<\/td>\n      <td class=\"partid\">Partidul Social Democrat<\/td>\n    <\/tr>\n    <tr>\n      <td class=\"nr\">7<\/td>\n      <td class=\"nume\">Ungurianu Liliana<\/td>\n      <td class=\"partid\">Partidul Social Democrat<\/td>\n    <\/tr>\n    <tr>\n      <td class=\"nr\">8<\/td>\n      <td class=\"nume\">Hri\u021bcu Florin<\/td>\n      <td class=\"partid\">Partidul Social Democrat<\/td>\n    <\/tr>\n    <tr>\n      <td class=\"nr\">9<\/td>\n      <td class=\"nume\">Raicu Iulian-Dumitru<\/td>\n      <td class=\"partid\">Alian\u021ba pentru Unirea Rom\u00e2nilor<\/td>\n    <\/tr>\n    <tr>\n      <td class=\"nr\">10<\/td>\n      <td class=\"nume\">Luchian Constantin<\/td>\n      <td class=\"partid\">Alian\u021ba pentru Unirea Rom\u00e2nilor<\/td>\n    <\/tr>\n    <tr>\n      <td class=\"nr\">11<\/td>\n      <td class=\"nume\">Mangu Vasile (viceprimar)<\/td>\n      <td class=\"partid\">Partidul Na\u021bional Liberal<\/td>\n    <\/tr>\n  <\/tbody>\n<\/table>\n\n<\/body>\n<\/html>\n\t\t\t\t\t\t\t\t<\/div>\n\t\t\t\t<\/div>\n\t\t\t\t\t<\/div>\n\t\t\t\t<\/div>\n\t\t\t\t<\/div>\n\t\t","protected":false},"excerpt":{"rendered":"<p>Tabel consilieri locali Nr. Nume consilier Partid 1 T\u0103n\u0103s\u0103 Tudor Partidul Na\u021bional Liberal 2 Nimerschii Dorin-Daniel Partidul Na\u021bional Liberal 3 [&hellip;]<\/p>\n","protected":false},"author":1,"featured_media":0,"parent":1106,"menu_order":0,"comment_status":"closed","ping_status":"closed","template":"","meta":{"pagelayer_contact_templates":[],"_pagelayer_content":"","site-sidebar-layout":"default","site-content-layout":"","ast-site-content-layout":"default","site-content-style":"default","site-sidebar-style":"default","ast-global-header-display":"","ast-banner-title-visibility":"","ast-main-header-display":"","ast-hfb-above-header-display":"","ast-hfb-below-header-display":"","ast-hfb-mobile-header-display":"","site-post-title":"","ast-breadcrumbs-content":"","ast-featured-img":"","footer-sml-layout":"","theme-transparent-header-meta":"default","adv-header-id-meta":"","stick-header-meta":"","header-above-stick-meta":"","header-main-stick-meta":"","header-below-stick-meta":"","astra-migrate-meta-layouts":"set","ast-page-background-enabled":"default","ast-page-background-meta":{"desktop":{"background-color":"var(--ast-global-color-5)","background-image":"","background-repeat":"repeat","background-position":"center center","background-size":"auto","background-attachment":"scroll","background-type":"","background-media":"","overlay-type":"","overlay-color":"","overlay-opacity":"","overlay-gradient":""},"tablet":{"background-color":"","background-image":"","background-repeat":"repeat","background-position":"center center","background-size":"auto","background-attachment":"scroll","background-type":"","background-media":"","overlay-type":"","overlay-color":"","overlay-opacity":"","overlay-gradient":""},"mobile":{"background-color":"","background-image":"","background-repeat":"repeat","background-position":"center center","background-size":"auto","background-attachment":"scroll","background-type":"","background-media":"","overlay-type":"","overlay-color":"","overlay-opacity":"","overlay-gradient":""}},"ast-content-background-meta":{"desktop":{"background-color":"var(--ast-global-color-4)","background-image":"","background-repeat":"repeat","background-position":"center center","background-size":"auto","background-attachment":"scroll","background-type":"","background-media":"","overlay-type":"","overlay-color":"","overlay-opacity":"","overlay-gradient":""},"tablet":{"background-color":"var(--ast-global-color-4)","background-image":"","background-repeat":"repeat","background-position":"center center","background-size":"auto","background-attachment":"scroll","background-type":"","background-media":"","overlay-type":"","overlay-color":"","overlay-opacity":"","overlay-gradient":""},"mobile":{"background-color":"var(--ast-global-color-4)","background-image":"","background-repeat":"repeat","background-position":"center center","background-size":"auto","background-attachment":"scroll","background-type":"","background-media":"","overlay-type":"","overlay-color":"","overlay-opacity":"","overlay-gradient":""}},"footnotes":""},"class_list":["post-1107","page","type-page","status-publish","hentry"],"_links":{"self":[{"href":"https:\/\/primariagramesti.ro\/web2\/index.php?rest_route=\/wp\/v2\/pages\/1107","targetHints":{"allow":["GET"]}}],"collection":[{"href":"https:\/\/primariagramesti.ro\/web2\/index.php?rest_route=\/wp\/v2\/pages"}],"about":[{"href":"https:\/\/primariagramesti.ro\/web2\/index.php?rest_route=\/wp\/v2\/types\/page"}],"author":[{"embeddable":true,"href":"https:\/\/primariagramesti.ro\/web2\/index.php?rest_route=\/wp\/v2\/users\/1"}],"replies":[{"embeddable":true,"href":"https:\/\/primariagramesti.ro\/web2\/index.php?rest_route=%2Fwp%2Fv2%2Fcomments&post=1107"}],"version-history":[{"count":8,"href":"https:\/\/primariagramesti.ro\/web2\/index.php?rest_route=\/wp\/v2\/pages\/1107\/revisions"}],"predecessor-version":[{"id":1715,"href":"https:\/\/primariagramesti.ro\/web2\/index.php?rest_route=\/wp\/v2\/pages\/1107\/revisions\/1715"}],"up":[{"embeddable":true,"href":"https:\/\/primariagramesti.ro\/web2\/index.php?rest_route=\/wp\/v2\/pages\/1106"}],"wp:attachment":[{"href":"https:\/\/primariagramesti.ro\/web2\/index.php?rest_route=%2Fwp%2Fv2%2Fmedia&parent=1107"}],"curies":[{"name":"wp","href":"https:\/\/api.w.org\/{rel}","templated":true}]}}